{"id":9,"date":"2015-11-13T00:01:51","date_gmt":"2015-11-12T23:01:51","guid":{"rendered":"https:\/\/www.taxi-eder.at\/?page_id=9"},"modified":"2015-12-14T12:24:40","modified_gmt":"2015-12-14T11:24:40","slug":"geschichte","status":"publish","type":"page","link":"https:\/\/www.taxi-eder.at\/en\/geschichte\/","title":{"rendered":"History"},"content":{"rendered":"<p>&nbsp;<\/p>\n<p>The taxi companies Eder was founded in 1933 by Jakob Machreich was established. The first car in Maria Alm was at the same time, company is also the first taxi. Later, Hans and Linde Eder resulted in the Director.<\/p>\n<p>In 1988, it was then passed and finally the company to Roswitha and Lothar Foch, the 27 years the fortunes of the company successfully launched and extensions. Thus, the company was 82 years in family ownership.<\/p>\n<p>With 01.December 2015, are now the two former drivers Emanuel Zorn and Alexander Nill at the helm and continue the company in the spirit of Roswitha and Lothar. While Lothar workshop, his well-deserved retirement enjoys directs Roswitha in the former taxi the office of a gallery and art. We wish you both all the best and much success.<\/p>","protected":false},"excerpt":{"rendered":"<p>&nbsp; Das Taxiunternehmen Eder wurde 1933 von Jakob Machreich gegr\u00fcndet. Das erste Auto in Maria Alm war zugleich auch das erste Taxiunternehmen. Sp\u00e4ter f\u00fchrten dann Hans und Linde Eder die Regie. 1988 wurde dann schliesslich die Firma an Roswitha und Lothar Foch \u00fcbergeben, die 27 Jahre die Geschicke des Unternehmens erfolgreich leiteten und ausbauten. Somit <a href=\"https:\/\/www.taxi-eder.at\/en\/geschichte\/\" rel=\"nofollow\"><span class=\"sr-only\">Read more about Geschichte<\/span>[&hellip;]<\/a><\/p>\n","protected":false},"author":1,"featured_media":0,"parent":0,"menu_order":10,"comment_status":"closed","ping_status":"closed","template":"","meta":{"footnotes":""},"class_list":["post-9","page","type-page","status-publish","hentry"],"_links":{"self":[{"href":"https:\/\/www.taxi-eder.at\/en\/wp-json\/wp\/v2\/pages\/9","targetHints":{"allow":["GET"]}}],"collection":[{"href":"https:\/\/www.taxi-eder.at\/en\/wp-json\/wp\/v2\/pages"}],"about":[{"href":"https:\/\/www.taxi-eder.at\/en\/wp-json\/wp\/v2\/types\/page"}],"author":[{"embeddable":true,"href":"https:\/\/www.taxi-eder.at\/en\/wp-json\/wp\/v2\/users\/1"}],"replies":[{"embeddable":true,"href":"https:\/\/www.taxi-eder.at\/en\/wp-json\/wp\/v2\/comments?post=9"}],"version-history":[{"count":3,"href":"https:\/\/www.taxi-eder.at\/en\/wp-json\/wp\/v2\/pages\/9\/revisions"}],"predecessor-version":[{"id":53,"href":"https:\/\/www.taxi-eder.at\/en\/wp-json\/wp\/v2\/pages\/9\/revisions\/53"}],"wp:attachment":[{"href":"https:\/\/www.taxi-eder.at\/en\/wp-json\/wp\/v2\/media?parent=9"}],"curies":[{"name":"wp","href":"https:\/\/api.w.org\/{rel}","templated":true}]}}