{"id":65,"date":"2016-01-20T10:41:36","date_gmt":"2016-01-20T09:41:36","guid":{"rendered":"https:\/\/www.taxi-eder.at\/?page_id=65"},"modified":"2017-04-27T13:06:54","modified_gmt":"2017-04-27T11:06:54","slug":"allgemeine-geschaeftsbedingungen","status":"publish","type":"page","link":"https:\/\/www.taxi-eder.at\/en\/allgemeine-geschaeftsbedingungen\/","title":{"rendered":"General Terms And Conditions"},"content":{"rendered":"<p><strong>Allgemeine Gesch\u00e4ftsbedingungen der Taxi EDER e.U. Maria Alm f\u00fcr Airport Shuttle<\/strong> [<a href=\"https:\/\/www.taxi-eder.at\/wp-content\/uploads\/2015\/12\/AGB-Taxi-Eder-OG.pdf\">pdf<\/a>]<\/p>\n<ol>\n<li><strong>Reisevertrag:<\/strong>\n<ol>\n<li>Die Allgemeinen Gesch\u00e4ftsbedingungen regeln die von der Firma Taxi Eder e.U. in 5761 Maria Alm Kirchenvorfeld 4 durchgef\u00fchrten Bef\u00f6rderungen vom Flughafen Salzburg nach Maria Alm und Saalfelden und zur\u00fcck.<\/li>\n<li>Die Transferanmeldung ist nach Bestellung und Bezahlung per Kreditkarte verbindlich. Nebenabreden, die dem Inhalt des Transferauftrages nicht entsprechen, bed\u00fcrfen einer ausdr\u00fccklichen Genehmigung der Firma Taxi Eder e.U..<\/li>\n<\/ol>\n<\/li>\n<li><strong>Zahlung:<\/strong>\n<ol>\n<li>Die Zahlung erfolgt ausschlie\u00dflich \u00fcber Internet mit Kreditkarte (Mastercard\/Visa) \u00fcber die Homepage der Taxi Eder e.U. und ist verbindlich. Die Zahlungsbest\u00e4tigung mit Buchungsnummer gilt als Ticket des Shuttles vom Flughafen Salzburg zum angegebenen Hotel in Maria Alm und Saalfelden.<\/li>\n<li>Mit Annahme der AGB kommt ein rechtlich verbindlicher Vertrag zustande.<\/li>\n<li>Die aktuellen Preise f\u00fcr die angef\u00fchrten Transfers sind auf der website www.taxi-eder.at angef\u00fchrt und verstehen sich, wenn nicht anders angegeben pro Person.<\/li>\n<\/ol>\n<\/li>\n<li><strong>Transfer:<\/strong>\n<ol>\n<li>Voraussetzung f\u00fcr die Bef\u00f6rderung ist die Vorlage der Zahlungsbest\u00e4tigung mit der darauf angegebenen Buchungsnummer. Der Transfer kann bei Nichtvorlage verweigert werden. Der Kunde ist selbst daf\u00fcr verantwortlich, die erforderlichen Unterlagen mitzuf\u00fchren.<\/li>\n<li>Die Abreise erfolgt direkt vom Hotel des Kunden, dieses muss genau angegeben werden, um Namensgleichheiten bei Hotels auszuschlie\u00dfen. Der Kunde hat zum angegebenen Zeitpunkt am Hoteleingang zu warten. Die Abholung erfolgt in einem Zeitrahmen von ca. einer halben Stunde. Sollte der Kunde nicht anwesend sein und eine Nachfrage bei der Rezeption erfolglos sein, so f\u00e4hrt der Transfer ab. Es erfolgt keinerlei Verg\u00fctung in diesem Fall.<\/li>\n<li>Die Abreise muss von Seiten des Kunden so gebucht sein, dass der Transfer bei normalen Bedingungen zeitgerecht am Flughafen Salzburg eintreffen kann. Es ist eine Zeit von ca. 3 Stunden vor Abflugszeit zu rechnen. Vor allem an Samstagen und an Feiertagen ist aufgrund von Staus und Verkehrsbehinderungen eine l\u00e4ngere Transferzeit zu erwarten. Der Kunde hat dies bei der Buchung zu ber\u00fccksichtigen. Siehe auch Punkt 4.<\/li>\n<\/ol>\n<\/li>\n<li><strong> \u00c4nderungen, Umbuchungen, Stornos:<\/strong>\n<ol>\n<li>Buchungsschluss ist 24 Stunden vor dem ersten Transfer des Folgetages. Die Buchung ist nur f\u00fcr den gebuchten Transfer und f\u00fcr die in der Buchung genannte Person g\u00fcltig.<\/li>\n<li>Nicht in Anspruch genommene Transfers entfallen ohne R\u00fcckzahlung des Transferpreises. Ein weiterer Anspruch besteht nicht.<\/li>\n<li>Sollte der Transfer aus nicht im Wirkungsbereich der Firma Taxi Eder stehenden Gr\u00fcnden (Lawinen, Muren, Stra\u00dfensperren \u2013 H\u00f6here Gewalt) erheblich erschwert, gef\u00e4hrdet oder unm\u00f6glich sein, kann die FirmaTaxi Eder den Transfer stornieren, die Transferkosten werden dem Passagier r\u00fcckverg\u00fctet. Ein weiterer Anspruch besteht nicht.<\/li>\n<li>Die Firma Taxi Eder ist berechtigt, den Transfer zu stornieren, wenn der Passagier durch entsprechende Handlungen oder Unterlassungen den Transfer gef\u00e4hrdet oder die an dem Transfer teilnehmenden Passagiere durch entsprechende Handlungen oder Unterlassungen gef\u00e4hrdet. In diesem Fall bezahlt die Firma Taxi Eder die Transferkosten diesem Passagier zur\u00fcck. Ein weiterer Anspruch besteht nicht.<\/li>\n<li>Die Firma Taxi Eder beh\u00e4lt sich das Recht vor, gegebenenfalls geringf\u00fcgige Transfer\u00e4nderungen durchzuf\u00fchren, sofern keine wesentlichen \u00c4nderungen der Transferzeiten erfolgen.<\/li>\n<li>Bei Stornierung oder Nichtantritt des Transfers erfolgt keine R\u00fcckverg\u00fctung. Ein weiterer Anspruch besteht nicht.<\/li>\n<li>Bei Umbuchung betr\u00e4gt die Umbuchungsgeb\u00fchr \u20ac 10,- pro Buchung und pro Person.<\/li>\n<li>Bei Versp\u00e4tung des Fluges hat der Kunde rechtzeitig und umgehend die Zentrale der Taxi Eder OG zu verst\u00e4ndigen, damit diese eine Umbuchung auf einen der n\u00e4chstm\u00f6glichen Transfers organisieren kann. Sollte keine zeitgerechte Verst\u00e4ndigung erfolgen besteht kein weiterer Anspruch auf einen Transfer. Eine R\u00fcckverg\u00fctung erfolgt nicht.<\/li>\n<li>Die Abfahrtszeiten der Firma Taxi Eder sind so gro\u00dfz\u00fcgig angelegt, dass bei richtigem Buchen die Fl\u00fcge ohne Verz\u00f6gerung erreicht werden k\u00f6nnen. Sollten aufgrund von Staus, Unf\u00e4llen, \u00dcberlastung von Stra\u00dfen und Flughafen, Umleitungen, Stra\u00dfensperren etc. besonders an Samstagen Versp\u00e4tungen auftreten, so haftet die Taxi Eder e.U. nicht f\u00fcr das Erreichen des Fluges. Entsprechende Versp\u00e4tungen, speziell an Samstagen sind bei der Buchung zu ber\u00fccksichtigen.<\/li>\n<li>Die Taxi Eder e.U. ist bestrebt, den Kunden auf direktem Weg, ohne Umwege zu anderen Destinationen zur Unterkunft zu bringen. Sollte aus organisatorischen oder wettertechnischen Gr\u00fcnden keine M\u00f6glichkeit bestehen, die Unterkunft direkt anzufahren, sorgt die Firma Taxi Eder f\u00fcr den Direkttransfer zum Hotel. Umsteigen in ein anderes Fahrzeug kann deshalb m\u00f6glich sein. Die Unterkunft muss jedoch auf normalen, \u00f6ffentlichen Verkehrswegen zu erreichen sein. Durch einen Umstieg auf ein anderes Fahrzeug fallen keine Mehrkosten an. Es besteht auch kein Anspruch auf eine R\u00fcckverg\u00fctung.<\/li>\n<\/ol>\n<\/li>\n<li><strong>Versicherung<\/strong>\n<ol>\n<li>Eine Reiser\u00fccktrittsversicherung, deren Abschluss die Firma Taxi Eder e.U. empfiehlt, ist nicht im Transferpreis eingeschlossen.<\/li>\n<\/ol>\n<\/li>\n<li><strong>Gep\u00e4ck<\/strong>\n<ol>\n<li>Der Fahrer hat alle notwendigen Sicherheitsma\u00dfnahmen f\u00fcr eine sichere Fahrt zu treffen. Insbesondere ob und in welcher Weise die Fahrt durchgef\u00fchrt und vor allem \u00fcber die Beladung und Entladung des zu bef\u00f6rdernden Gep\u00e4cks.<\/li>\n<li>Es liegt in der Verantwortung des Kunden zu kontrollieren, dass die jeweiligen Gep\u00e4ckst\u00fccke in das Auto eingeladen und entsprechend ausgeladen werden. Gep\u00e4ck wird grunds\u00e4tzlich im selben Auto bef\u00f6rdert. Sollte das Gep\u00e4ck aus diversen Gr\u00fcnden nicht im selben Fahrzeug bef\u00f6rdert werden k\u00f6nnen, wird das Gep\u00e4ck in einem der nachfolgenden Transfers bis ins Hotel des Passagiers nachgef\u00fchrt. Das Gep\u00e4ck wird innerhalb von 6 Stunden nachgeliefert. Es werden in diesem Fall keine weiteren Auslagen erstattet.<\/li>\n<li>Ist das Gep\u00e4ck nicht entsprechend reisef\u00e4hig verpackt, kann der Fahrer die Bef\u00f6rderung des Gep\u00e4cks verweigern.<\/li>\n<li>F\u00fcr etwaige Sch\u00e4den am Gep\u00e4ck, verursacht durch andere Gep\u00e4ckst\u00fccke \u00fcbernimmt die Firma Taxi Eder e.U. keinerlei Haftung<\/li>\n<\/ol>\n<\/li>\n<li><strong>Bef\u00f6rderung von Kindern und gebrechlichen Personen<\/strong>\n<ol>\n<li>Gem\u00e4\u00df Personenbef\u00f6rderungsgesetz m\u00fcssen alle Personen (0 bis 99 Jahren) auf einem eigenen Sitzplatz transportiert werden. Dieser gelangt normal zur Verrechnung. Erforderliche Kindersitze sind bei der Buchung bekanntzugeben.<\/li>\n<li>Sollte f\u00fcr den Transfer die Gefahr bestehen, dass der Fahrgast aufgrund des k\u00f6rperlichen oder geistigen Zustandes Gefahr f\u00fcr ihn selber darstellt, so wird f\u00fcr etwaige Personensch\u00e4den bis einschlie\u00dflich Tod keine Haftung \u00fcbernommen.<\/li>\n<\/ol>\n<\/li>\n<li><strong>Verweigerung der Bef\u00f6rderung:<\/strong>\n<ol>\n<li>Die Firma Taxi Eder e.U. kann die Bef\u00f6rderung verweigern, wenn einer oder mehrere der nachfolgenden Punkte vorliegen:\n<ul>\n<li>Die Bef\u00f6rderung w\u00fcrde die Sicherheit oder die Gesundheit der anderen Passagiere oder des Fahrers gef\u00e4hrden oder eine unzumutbare Belastung darstellen.<\/li>\n<li>Der geistige oder physische Zustand, vor allem auch durch alkoholische oder drogenbedingte Beeintr\u00e4chtigung stellt eine Gefahr oder Risiko f\u00fcr den Passagier selbst, f\u00fcr die anderen Passagiere oder f\u00fcr den Fahrer dar.<\/li>\n<li>Der Passagier kann weder Buchungsbest\u00e4tigung noch Buchungsnummer vorweisen.<\/li>\n<\/ul>\n<\/li>\n<\/ol>\n<\/li>\n<li><strong>Mitwirkungspflicht<\/strong>\n<ol>\n<li>Der Kunde ist verpflichtet, etwaige Beanstandungen unverz\u00fcglich dem \u00f6rtlichen Fahrer zur Kenntnis zu bringen. Dieser ist beauftragt, f\u00fcr Abhilfe zu sorgen, sofern dies m\u00f6glich ist. Unterl\u00e4sst es der Kunde, einen Mangel anzuzeigen, so tritt kein Anspruch auf Minderung ein.<\/li>\n<\/ol>\n<\/li>\n<li><strong>Behandlung von Beanstandungen, Ausschlussfristen f\u00fcr Anspr\u00fcche, Verj\u00e4hrung<\/strong>\n<ol>\n<li>Ist einem Mangel ganz oder teilweise nicht abgeholfen worden ist zusammen mit dem Fahrer eine Niederschrift zu erstellen. Anspr\u00fcche wegen nicht vertragsgem\u00e4\u00dfer Einbringung des Transfers hat der Kunde gegen\u00fcber der Firma Taxi Eder geltend zu machen. Dies sollte in jedem Fall schriftlich erfolgen.<\/li>\n<li>Anspr\u00fcche wegen nicht vertragsgem\u00e4\u00dfer Erbringung des Transfers verj\u00e4hren 6 Monate nach dem vertraglich vereinbarten Transfer.<\/li>\n<\/ol>\n<\/li>\n<li><strong>Datenschutz und Datensicherheit<\/strong>\n<ol>\n<li>Zur Vornahme der Buchung sind pers\u00f6nliche Daten wie z.B. Name, Adresse, Kredit-kartenangaben unerl\u00e4sslich. Die zur Verf\u00fcgung gestellten Daten werden im Rahmen der Zweckbestimmung des Vertrages elektronisch verarbeitet, gespeichert und weitergegeben. Personenbezogene Daten werden entsprechend dem Bundesdatenschutzgesetz gesch\u00fctzt.<\/li>\n<\/ol>\n<\/li>\n<li><strong>Haftung<\/strong>\n<ol>\n<li>Die Firma Taxi Eder \u00fcbernimmt f\u00fcr mittelbare oder Folgesch\u00e4den keine Haftung, es sei denn sie wurden von der Firma Taxi Eder nachweislich grob fahrl\u00e4ssig oder vors\u00e4tzlich verursacht. In keinem Fall wird der Betrag des nachgewiesenen Schadens \u00fcberstiegen.<\/li>\n<li>Sind in internationalen \u00dcbereinkommen oder auf solchen beruhende Vorschriften f\u00fcr Leistungstr\u00e4ger der Firma Taxi Eder Haftungsbeschr\u00e4nkungen vorgesehen kann sich die Firma Taxi Eder bei entsprechenden Schadensf\u00e4llen auf diese berufen.<\/li>\n<\/ol>\n<\/li>\n<li><strong>Gerichtsstand<\/strong>\n<ol>\n<li>Gerichtsstand f\u00fcr Klagen gegen die Firma Taxi Eder ist Saalfelden.<\/li>\n<\/ol>\n<\/li>\n<li><strong>Sonstige Bestimmungen und Vereinbarungen<\/strong>\n<ol>\n<li>Diese Bedingungen gelten, soweit nicht individuelle Vereinbarungen getroffen werden.<\/li>\n<li>Die vorstehenden Bestimmungen haben nur G\u00fcltigkeit, sofern und soweit nach Drucklegung in Kraft tretende gesetzlichen Vorschriften keine anderen Regelungen vorsehen.<\/li>\n<li>Die Unwirksamkeit einzelner Bestimmungen hat nicht die Unwirksamkeit des gesamten Vertrages zur Folge.<\/li>\n<\/ol>\n<\/li>\n<\/ol>\n<p>Stand 01.01.2016<\/p>\n<hr \/>\n<p>Impressum:<\/p>\n<p>Taxi Eder e.U. Emanuel Zorn<br \/>\nKirchenvorfeld 4<br \/>\n5761 Maria Alm<br \/>\n\u00d6sterreich<\/p>\n<p><a href=\"mailto:office@taxi-eder.at\">office@taxi-eder.at<\/a><br \/>\n<a href=\"https:\/\/www.taxi-eder.at\">www.taxi-eder.at<\/a><br \/>\nTel. +43 6584 7191<br \/>\nFax +43 6584 7191-4<br \/>\nUID Nr. ATU72073757<br \/>\nFirenbuchnummer: FN 442394f<\/p>\n","protected":false},"excerpt":{"rendered":"<p>Allgemeine Gesch\u00e4ftsbedingungen der Taxi EDER e.U. Maria Alm f\u00fcr Airport Shuttle [pdf] Reisevertrag: Die Allgemeinen Gesch\u00e4ftsbedingungen regeln die von der Firma Taxi Eder e.U. in 5761 Maria Alm Kirchenvorfeld 4 durchgef\u00fchrten Bef\u00f6rderungen vom Flughafen Salzburg nach Maria Alm und Saalfelden und zur\u00fcck. Die Transferanmeldung ist nach Bestellung und Bezahlung per Kreditkarte verbindlich. Nebenabreden, die dem <a href=\"https:\/\/www.taxi-eder.at\/en\/allgemeine-geschaeftsbedingungen\/\" rel=\"nofollow\"><span class=\"sr-only\">Read more about Allgemeine Gesch\u00e4ftsbedingungen<\/span>[&hellip;]<\/a><\/p>\n","protected":false},"author":1,"featured_media":0,"parent":0,"menu_order":0,"comment_status":"closed","ping_status":"closed","template":"","meta":{"footnotes":""},"class_list":["post-65","page","type-page","status-publish","hentry"],"_links":{"self":[{"href":"https:\/\/www.taxi-eder.at\/en\/wp-json\/wp\/v2\/pages\/65","targetHints":{"allow":["GET"]}}],"collection":[{"href":"https:\/\/www.taxi-eder.at\/en\/wp-json\/wp\/v2\/pages"}],"about":[{"href":"https:\/\/www.taxi-eder.at\/en\/wp-json\/wp\/v2\/types\/page"}],"author":[{"embeddable":true,"href":"https:\/\/www.taxi-eder.at\/en\/wp-json\/wp\/v2\/users\/1"}],"replies":[{"embeddable":true,"href":"https:\/\/www.taxi-eder.at\/en\/wp-json\/wp\/v2\/comments?post=65"}],"version-history":[{"count":6,"href":"https:\/\/www.taxi-eder.at\/en\/wp-json\/wp\/v2\/pages\/65\/revisions"}],"predecessor-version":[{"id":525,"href":"https:\/\/www.taxi-eder.at\/en\/wp-json\/wp\/v2\/pages\/65\/revisions\/525"}],"wp:attachment":[{"href":"https:\/\/www.taxi-eder.at\/en\/wp-json\/wp\/v2\/media?parent=65"}],"curies":[{"name":"wp","href":"https:\/\/api.w.org\/{rel}","templated":true}]}}