{"id":46,"date":"2015-12-06T18:07:58","date_gmt":"2015-12-06T17:07:58","guid":{"rendered":"https:\/\/www.taxi-eder.at\/?page_id=46"},"modified":"2022-09-07T12:22:47","modified_gmt":"2022-09-07T10:22:47","slug":"datenschutz","status":"publish","type":"page","link":"https:\/\/www.taxi-eder.at\/en\/impressum\/datenschutz\/","title":{"rendered":"Privacy"},"content":{"rendered":"<div id=\"c14\" class=\"csc-default csc-space-after-30\">\n<div class=\"csc-header csc-header-n1\">\n<h1 class=\"csc-firstHeader\">Privacy<\/h1>\n<\/div>\n<p>The usage of our website is usually possible without providing personal data. As far as on our sides personal data (for example Name, address or eMail addresses) are collected, this is as far as possible, always on voluntary Basis. This data will not be passed on without your consent to third parties.<\/p>\n<p>We point out that data transmission in the Internet (e.g. communication by E-Mail) can have security gaps. A complete protection of data against access by third parties is not possible.<\/p>\n<p>The use of the framework of the imprint obligation published contact data by third parties for the Sending of not expressly requested advertising and information materials is hereby expressly excluded. The operators of the pages expressly legal steps in case of unsolicited sending of advertising information, for example through Spam e-Mails.<\/p>\n<\/div>","protected":false},"excerpt":{"rendered":"<p>Datenschutz Die Nutzung unserer Webseite ist in der Regel ohne Angabe personenbezogener Daten m\u00f6glich. Soweit auf unseren Seiten personenbezogene Daten (beispielsweise Name, Anschrift oder eMail-Adressen) erhoben werden, erfolgt dies, soweit m\u00f6glich, stets auf freiwilliger Basis. Diese Daten werden ohne Ihre ausdr\u00fcckliche Zustimmung nicht an Dritte weitergegeben. Wir weisen darauf hin, dass die Daten\u00fcbertragung im Internet <a href=\"https:\/\/www.taxi-eder.at\/en\/impressum\/datenschutz\/\" rel=\"nofollow\"><span class=\"sr-only\">Read more about Datenschutz<\/span>[&hellip;]<\/a><\/p>\n","protected":false},"author":1,"featured_media":0,"parent":44,"menu_order":0,"comment_status":"closed","ping_status":"closed","template":"","meta":{"footnotes":""},"class_list":["post-46","page","type-page","status-publish","hentry"],"_links":{"self":[{"href":"https:\/\/www.taxi-eder.at\/en\/wp-json\/wp\/v2\/pages\/46","targetHints":{"allow":["GET"]}}],"collection":[{"href":"https:\/\/www.taxi-eder.at\/en\/wp-json\/wp\/v2\/pages"}],"about":[{"href":"https:\/\/www.taxi-eder.at\/en\/wp-json\/wp\/v2\/types\/page"}],"author":[{"embeddable":true,"href":"https:\/\/www.taxi-eder.at\/en\/wp-json\/wp\/v2\/users\/1"}],"replies":[{"embeddable":true,"href":"https:\/\/www.taxi-eder.at\/en\/wp-json\/wp\/v2\/comments?post=46"}],"version-history":[{"count":2,"href":"https:\/\/www.taxi-eder.at\/en\/wp-json\/wp\/v2\/pages\/46\/revisions"}],"predecessor-version":[{"id":3277,"href":"https:\/\/www.taxi-eder.at\/en\/wp-json\/wp\/v2\/pages\/46\/revisions\/3277"}],"up":[{"embeddable":true,"href":"https:\/\/www.taxi-eder.at\/en\/wp-json\/wp\/v2\/pages\/44"}],"wp:attachment":[{"href":"https:\/\/www.taxi-eder.at\/en\/wp-json\/wp\/v2\/media?parent=46"}],"curies":[{"name":"wp","href":"https:\/\/api.w.org\/{rel}","templated":true}]}}