{"id":41,"date":"2015-12-06T17:50:28","date_gmt":"2015-12-06T16:50:28","guid":{"rendered":"https:\/\/www.taxi-eder.at\/?page_id=41"},"modified":"2022-10-02T23:17:30","modified_gmt":"2022-10-02T21:17:30","slug":"pferdeschlittenfahrt","status":"publish","type":"page","link":"https:\/\/www.taxi-eder.at\/en\/pferdeschlittenfahrt\/","title":{"rendered":"Sleigh ride"},"content":{"rendered":"<p>&nbsp;<\/p>\n<p>Enjoy a romantic ride through the snowy winter landscape :<\/p>\n<p><a href=\"https:\/\/www.taxi-eder.at\/wp-content\/uploads\/2015\/12\/WinterD2.jpg\"><img loading=\"lazy\" decoding=\"async\" class=\"alignnone size-full wp-image-42\" src=\"https:\/\/www.taxi-eder.at\/wp-content\/uploads\/2015\/12\/WinterD2.jpg\" alt=\"WinterD2\" width=\"200\" height=\"100\" \/><\/a><\/p>\n<ul>\n<ul>\n<li>1 hour (subsequent retreat possible) in Maria Alm\n<\/ul>\n<\/ul>\n<p>\u2013&gt; The prices incl. Transfer of Maria Alm<br \/>\nFor a custom quote, just give us a call at +43 6584 7191 or write to us at <a href=\"mailto:office@taxi-eder.at\">office@taxi-eder.at<\/a><\/p>","protected":false},"excerpt":{"rendered":"<p>&nbsp; Genie\u00dfen Sie eine romantische Fahrt durch die verschneite Winterlandschaft : 1 Stunde (anschlie\u00dfende Einkehr m\u00f6glich) in Maria Alm &#8211;&gt; Preise incl. Transfer von Maria Alm F\u00fcr ein individuelles Angebot rufen Sie uns einfach an unter +43 6584 7191 oder schreiben Sie uns an office@taxi-eder.at<\/p>","protected":false},"author":1,"featured_media":0,"parent":0,"menu_order":1,"comment_status":"closed","ping_status":"closed","template":"","meta":{"footnotes":""},"class_list":["post-41","page","type-page","status-publish","hentry"],"_links":{"self":[{"href":"https:\/\/www.taxi-eder.at\/en\/wp-json\/wp\/v2\/pages\/41","targetHints":{"allow":["GET"]}}],"collection":[{"href":"https:\/\/www.taxi-eder.at\/en\/wp-json\/wp\/v2\/pages"}],"about":[{"href":"https:\/\/www.taxi-eder.at\/en\/wp-json\/wp\/v2\/types\/page"}],"author":[{"embeddable":true,"href":"https:\/\/www.taxi-eder.at\/en\/wp-json\/wp\/v2\/users\/1"}],"replies":[{"embeddable":true,"href":"https:\/\/www.taxi-eder.at\/en\/wp-json\/wp\/v2\/comments?post=41"}],"version-history":[{"count":4,"href":"https:\/\/www.taxi-eder.at\/en\/wp-json\/wp\/v2\/pages\/41\/revisions"}],"predecessor-version":[{"id":3357,"href":"https:\/\/www.taxi-eder.at\/en\/wp-json\/wp\/v2\/pages\/41\/revisions\/3357"}],"wp:attachment":[{"href":"https:\/\/www.taxi-eder.at\/en\/wp-json\/wp\/v2\/media?parent=41"}],"curies":[{"name":"wp","href":"https:\/\/api.w.org\/{rel}","templated":true}]}}